{"id":257,"date":"2026-02-05T10:22:34","date_gmt":"2026-02-05T10:22:34","guid":{"rendered":"https:\/\/peipsitalu.ee\/?page_id=257"},"modified":"2026-03-04T21:04:42","modified_gmt":"2026-03-04T21:04:42","slug":"seminar","status":"publish","type":"page","link":"https:\/\/peipsitalu.ee\/en\/seminar\/","title":{"rendered":"Seminar"},"content":{"rendered":"<div class=\"wp-block-columns is-layout-flex wp-container-core-columns-is-layout-28f84493 wp-block-columns-is-layout-flex\">\n<div class=\"wp-block-column is-layout-flow wp-block-column-is-layout-flow\" style=\"flex-basis:100%\"><\/div>\n<\/div>\n\n\n\n<div class=\"wp-block-group alignfull is-style-ext-preset--group--natural-1--section has-tertiary-background-color has-background has-global-padding is-layout-constrained wp-container-core-group-is-layout-f72f1611 wp-block-group-is-layout-constrained\" style=\"margin-top:0;margin-bottom:0;padding-top:var(--wp--preset--spacing--70);padding-bottom:var(--wp--preset--spacing--70)\">\n<h2 class=\"wp-block-heading\">Seminariruum ajaloolises sepikojas<\/h2>\n\n\n\n<div class=\"wp-block-columns is-layout-flex wp-container-core-columns-is-layout-28f84493 wp-block-columns-is-layout-flex\">\n<div class=\"wp-block-column is-layout-flow wp-block-column-is-layout-flow\">\n<figure class=\"wp-block-image size-large is-style-rounded\"><img loading=\"lazy\" decoding=\"async\" width=\"769\" height=\"1024\" src=\"https:\/\/peipsitalu.ee\/wp-content\/uploads\/2026\/02\/IMG_20250715_121310-3-769x1024.jpg\" alt=\"\" class=\"wp-image-284\" srcset=\"https:\/\/peipsitalu.ee\/wp-content\/uploads\/2026\/02\/IMG_20250715_121310-3-769x1024.jpg 769w, https:\/\/peipsitalu.ee\/wp-content\/uploads\/2026\/02\/IMG_20250715_121310-3-225x300.jpg 225w, https:\/\/peipsitalu.ee\/wp-content\/uploads\/2026\/02\/IMG_20250715_121310-3-768x1022.jpg 768w, https:\/\/peipsitalu.ee\/wp-content\/uploads\/2026\/02\/IMG_20250715_121310-3-1154x1536.jpg 1154w, https:\/\/peipsitalu.ee\/wp-content\/uploads\/2026\/02\/IMG_20250715_121310-3-1538x2048.jpg 1538w, https:\/\/peipsitalu.ee\/wp-content\/uploads\/2026\/02\/IMG_20250715_121310-3-scaled.jpg 1923w\" sizes=\"auto, (max-width: 769px) 100vw, 769px\" \/><\/figure>\n<\/div>\n\n\n\n<div class=\"wp-block-column is-layout-flow wp-block-column-is-layout-flow\">\n<div class=\"wp-block-columns is-layout-flex wp-container-core-columns-is-layout-28f84493 wp-block-columns-is-layout-flex\">\n<div class=\"wp-block-column is-layout-flow wp-block-column-is-layout-flow\">\n<div class=\"wp-block-columns is-layout-flex wp-container-core-columns-is-layout-28f84493 wp-block-columns-is-layout-flex\">\n<div class=\"wp-block-column is-layout-flow wp-block-column-is-layout-flow\">\n<p>Suur seminariruum mahutab 10 ja v\u00e4ike ruum 5 inimest.\u00a0 Suured katuseaknad ja r\u00f5duuksed annavad ruumidele valgust, hubasust ja avarust.<\/p>\n<p>Esimsel korrusel on seminari\u00a0 l\u00e4biviimseks abiruum koos k\u00f6\u00f6giga.<\/p>\n<p><strong>\u20ac90 +km\/kolm tundi<\/strong><\/p>\n<p><strong>\u20ac200+km\/p\u00e4ev<\/strong><\/p>\n<p>V\u00f5imalik on pakkuda ka toitlustust,\u00a0 vabaaja tegevusi, sauna ja <a href=\"https:\/\/peipsitalu.ee\/en\/majutus\/\">majutust<\/a>.<\/p>\n<\/div>\n<\/div>\n<\/div>\n<\/div>\n<\/div>\n<\/div>\n\n\n\n<div class=\"wp-block-columns alignwide are-vertically-aligned-top is-layout-flex wp-container-core-columns-is-layout-87beb0d0 wp-block-columns-is-layout-flex\">\n<div class=\"wp-block-column is-vertically-aligned-top is-layout-flow wp-container-core-column-is-layout-f5bb311e wp-block-column-is-layout-flow\">\n<figure class=\"wp-block-image size-large is-style-ext-preset--image--natural-1--image-1--content-bottom is-style-ext-preset--image--natural-1--image-1--content-bottom--2\"><img loading=\"lazy\" decoding=\"async\" width=\"1024\" height=\"768\" src=\"https:\/\/peipsitalu.ee\/wp-content\/uploads\/2026\/02\/IMG_20250621_160054-1024x768.jpg\" alt=\"\" class=\"wp-image-289\" style=\"aspect-ratio:1;object-fit:cover\" srcset=\"https:\/\/peipsitalu.ee\/wp-content\/uploads\/2026\/02\/IMG_20250621_160054-1024x768.jpg 1024w, https:\/\/peipsitalu.ee\/wp-content\/uploads\/2026\/02\/IMG_20250621_160054-300x225.jpg 300w, https:\/\/peipsitalu.ee\/wp-content\/uploads\/2026\/02\/IMG_20250621_160054-768x576.jpg 768w, https:\/\/peipsitalu.ee\/wp-content\/uploads\/2026\/02\/IMG_20250621_160054-1536x1152.jpg 1536w, https:\/\/peipsitalu.ee\/wp-content\/uploads\/2026\/02\/IMG_20250621_160054-2048x1536.jpg 2048w\" sizes=\"auto, (max-width: 1024px) 100vw, 1024px\" \/><\/figure>\n\n\n\n<figure class=\"wp-block-image size-large\"><img loading=\"lazy\" decoding=\"async\" width=\"1024\" height=\"768\" src=\"https:\/\/peipsitalu.ee\/wp-content\/uploads\/2026\/02\/Vahelae-avaus-3-1024x768.jpg\" alt=\"\" class=\"wp-image-294\" srcset=\"https:\/\/peipsitalu.ee\/wp-content\/uploads\/2026\/02\/Vahelae-avaus-3-1024x768.jpg 1024w, https:\/\/peipsitalu.ee\/wp-content\/uploads\/2026\/02\/Vahelae-avaus-3-300x225.jpg 300w, https:\/\/peipsitalu.ee\/wp-content\/uploads\/2026\/02\/Vahelae-avaus-3-768x576.jpg 768w, https:\/\/peipsitalu.ee\/wp-content\/uploads\/2026\/02\/Vahelae-avaus-3-1536x1152.jpg 1536w, https:\/\/peipsitalu.ee\/wp-content\/uploads\/2026\/02\/Vahelae-avaus-3.jpg 2048w\" sizes=\"auto, (max-width: 1024px) 100vw, 1024px\" \/><\/figure>\n<\/div>\n\n\n\n<div class=\"wp-block-column is-vertically-aligned-top is-layout-flow wp-container-core-column-is-layout-f5bb311e wp-block-column-is-layout-flow\">\n<figure class=\"wp-block-image size-large is-style-ext-preset--image--natural-1--image-1--content-bottom is-style-ext-preset--image--natural-1--image-1--content-bottom--3\"><img loading=\"lazy\" decoding=\"async\" width=\"1024\" height=\"768\" src=\"https:\/\/peipsitalu.ee\/wp-content\/uploads\/2026\/02\/Uus-5-1024x768.jpeg\" alt=\"\" class=\"wp-image-288\" style=\"aspect-ratio:1;object-fit:cover\" srcset=\"https:\/\/peipsitalu.ee\/wp-content\/uploads\/2026\/02\/Uus-5-1024x768.jpeg 1024w, https:\/\/peipsitalu.ee\/wp-content\/uploads\/2026\/02\/Uus-5-300x225.jpeg 300w, https:\/\/peipsitalu.ee\/wp-content\/uploads\/2026\/02\/Uus-5-768x576.jpeg 768w, https:\/\/peipsitalu.ee\/wp-content\/uploads\/2026\/02\/Uus-5-1536x1152.jpeg 1536w, https:\/\/peipsitalu.ee\/wp-content\/uploads\/2026\/02\/Uus-5.jpeg 2048w\" sizes=\"auto, (max-width: 1024px) 100vw, 1024px\" \/><\/figure>\n\n\n\n<figure class=\"wp-block-image size-large\"><img loading=\"lazy\" decoding=\"async\" width=\"1024\" height=\"768\" src=\"https:\/\/peipsitalu.ee\/wp-content\/uploads\/2026\/02\/Sepikoda_-2-1024x768.jpeg\" alt=\"\" class=\"wp-image-295\" srcset=\"https:\/\/peipsitalu.ee\/wp-content\/uploads\/2026\/02\/Sepikoda_-2-1024x768.jpeg 1024w, https:\/\/peipsitalu.ee\/wp-content\/uploads\/2026\/02\/Sepikoda_-2-300x225.jpeg 300w, https:\/\/peipsitalu.ee\/wp-content\/uploads\/2026\/02\/Sepikoda_-2-768x576.jpeg 768w, https:\/\/peipsitalu.ee\/wp-content\/uploads\/2026\/02\/Sepikoda_-2-1536x1152.jpeg 1536w, https:\/\/peipsitalu.ee\/wp-content\/uploads\/2026\/02\/Sepikoda_-2.jpeg 2048w\" sizes=\"auto, (max-width: 1024px) 100vw, 1024px\" \/><\/figure>\n<\/div>\n\n\n\n<div class=\"wp-block-column is-vertically-aligned-top is-layout-flow wp-container-core-column-is-layout-f5bb311e wp-block-column-is-layout-flow\">\n<figure class=\"wp-block-image size-large is-style-ext-preset--image--natural-1--image-1--content-bottom is-style-ext-preset--image--natural-1--image-1--content-bottom--4\"><img loading=\"lazy\" decoding=\"async\" width=\"1024\" height=\"768\" src=\"https:\/\/peipsitalu.ee\/wp-content\/uploads\/2026\/02\/IMG_20250621_160052-1024x768.jpg\" alt=\"\" class=\"wp-image-290\" style=\"aspect-ratio:1;object-fit:cover\" srcset=\"https:\/\/peipsitalu.ee\/wp-content\/uploads\/2026\/02\/IMG_20250621_160052-1024x768.jpg 1024w, https:\/\/peipsitalu.ee\/wp-content\/uploads\/2026\/02\/IMG_20250621_160052-300x225.jpg 300w, https:\/\/peipsitalu.ee\/wp-content\/uploads\/2026\/02\/IMG_20250621_160052-768x576.jpg 768w, https:\/\/peipsitalu.ee\/wp-content\/uploads\/2026\/02\/IMG_20250621_160052-1536x1152.jpg 1536w, https:\/\/peipsitalu.ee\/wp-content\/uploads\/2026\/02\/IMG_20250621_160052-2048x1536.jpg 2048w\" sizes=\"auto, (max-width: 1024px) 100vw, 1024px\" \/><\/figure>\n\n\n\n<figure class=\"wp-block-image size-large\"><img loading=\"lazy\" decoding=\"async\" width=\"1024\" height=\"768\" src=\"https:\/\/peipsitalu.ee\/wp-content\/uploads\/2026\/02\/IMG_20250715_135342-1-1024x768.jpg\" alt=\"\" class=\"wp-image-296\" srcset=\"https:\/\/peipsitalu.ee\/wp-content\/uploads\/2026\/02\/IMG_20250715_135342-1-1024x768.jpg 1024w, https:\/\/peipsitalu.ee\/wp-content\/uploads\/2026\/02\/IMG_20250715_135342-1-300x225.jpg 300w, https:\/\/peipsitalu.ee\/wp-content\/uploads\/2026\/02\/IMG_20250715_135342-1-768x576.jpg 768w, https:\/\/peipsitalu.ee\/wp-content\/uploads\/2026\/02\/IMG_20250715_135342-1-1536x1152.jpg 1536w, https:\/\/peipsitalu.ee\/wp-content\/uploads\/2026\/02\/IMG_20250715_135342-1-2048x1536.jpg 2048w\" sizes=\"auto, (max-width: 1024px) 100vw, 1024px\" \/><\/figure>\n<\/div>\n<\/div>\n\n\n\n<div class=\"wp-block-columns is-layout-flex wp-container-core-columns-is-layout-28f84493 wp-block-columns-is-layout-flex\">\n<div class=\"wp-block-column is-layout-flow wp-block-column-is-layout-flow\">\n<p>Seminariruumi kasutajatele pakume soovi korral v\u00f5imalust kasutada ka k\u00f5rvalmajas oleva talli peoruumi koos k\u00f6\u00f6ginurga ja romantilise v\u00e4literrassiga.\u00a0<\/p>\n<p>Kohalike vaatamisv\u00e4\u00e4rsuste ja loodusega tutvumiseks on huvilistel v\u00f5imalik tellida ka j\u00e4rgmisi teenuseid:<\/p>\n<ul>\n<li>Paadis\u00f5it Peipsi j\u00e4rvel<\/li>\n<li>R\u00e4nnak Kalevipoja radadel (k\u00fclastatakse erinevaid Kalevipojaga seotud looduskauneid paiku, kuhu juhuslikult ei satu)<\/li>\n<li>Erinevad matkad (m\u00f5isad, pastoraadid, kirikud, hiiepuud, allikad jm vaatamisv\u00e4\u00e4rsused)<\/li>\n<\/ul>\n<p>Teenuse hind s\u00f5ltub osalejate arvust ning kestvusest.<\/p>\n<\/div>\n<\/div>\n\n\n\n<div class=\"wp-block-columns alignwide is-layout-flex wp-container-core-columns-is-layout-28f84493 wp-block-columns-is-layout-flex\">\n<div class=\"wp-block-column is-layout-flow wp-block-column-is-layout-flow\">\n<figure class=\"wp-block-image size-large\"><img loading=\"lazy\" decoding=\"async\" width=\"1024\" height=\"473\" src=\"https:\/\/peipsitalu.ee\/wp-content\/uploads\/2026\/03\/Terrass_-1024x473.jpg\" alt=\"\" class=\"wp-image-486\" srcset=\"https:\/\/peipsitalu.ee\/wp-content\/uploads\/2026\/03\/Terrass_-1024x473.jpg 1024w, https:\/\/peipsitalu.ee\/wp-content\/uploads\/2026\/03\/Terrass_-300x139.jpg 300w, https:\/\/peipsitalu.ee\/wp-content\/uploads\/2026\/03\/Terrass_-768x355.jpg 768w, https:\/\/peipsitalu.ee\/wp-content\/uploads\/2026\/03\/Terrass_-1536x710.jpg 1536w, https:\/\/peipsitalu.ee\/wp-content\/uploads\/2026\/03\/Terrass_-18x8.jpg 18w, https:\/\/peipsitalu.ee\/wp-content\/uploads\/2026\/03\/Terrass_.jpg 2000w\" sizes=\"auto, (max-width: 1024px) 100vw, 1024px\" \/><\/figure>\n<\/div>\n\n\n\n<div class=\"wp-block-column is-layout-flow wp-block-column-is-layout-flow\">\n<figure class=\"wp-block-image size-large\"><img loading=\"lazy\" decoding=\"async\" width=\"1024\" height=\"577\" src=\"https:\/\/peipsitalu.ee\/wp-content\/uploads\/2026\/03\/Saun-1024x577.jpeg\" alt=\"\" class=\"wp-image-492\" srcset=\"https:\/\/peipsitalu.ee\/wp-content\/uploads\/2026\/03\/Saun-1024x577.jpeg 1024w, https:\/\/peipsitalu.ee\/wp-content\/uploads\/2026\/03\/Saun-300x169.jpeg 300w, https:\/\/peipsitalu.ee\/wp-content\/uploads\/2026\/03\/Saun-768x432.jpeg 768w, https:\/\/peipsitalu.ee\/wp-content\/uploads\/2026\/03\/Saun-1536x865.jpeg 1536w, https:\/\/peipsitalu.ee\/wp-content\/uploads\/2026\/03\/Saun-18x10.jpeg 18w, https:\/\/peipsitalu.ee\/wp-content\/uploads\/2026\/03\/Saun.jpeg 2048w\" sizes=\"auto, (max-width: 1024px) 100vw, 1024px\" \/><\/figure>\n<\/div>\n\n\n\n<div class=\"wp-block-column is-layout-flow wp-block-column-is-layout-flow\">\n<figure class=\"wp-block-gallery has-nested-images columns-default is-cropped wp-block-gallery-5 is-layout-flex wp-block-gallery-is-layout-flex\">\n<figure class=\"wp-block-image size-large\"><img loading=\"lazy\" decoding=\"async\" width=\"1024\" height=\"407\" data-id=\"502\" src=\"https:\/\/peipsitalu.ee\/wp-content\/uploads\/2026\/03\/Tall-1-1024x407.jpg\" alt=\"\" class=\"wp-image-502\" srcset=\"https:\/\/peipsitalu.ee\/wp-content\/uploads\/2026\/03\/Tall-1-1024x407.jpg 1024w, https:\/\/peipsitalu.ee\/wp-content\/uploads\/2026\/03\/Tall-1-300x119.jpg 300w, https:\/\/peipsitalu.ee\/wp-content\/uploads\/2026\/03\/Tall-1-768x306.jpg 768w, https:\/\/peipsitalu.ee\/wp-content\/uploads\/2026\/03\/Tall-1-1536x611.jpg 1536w, https:\/\/peipsitalu.ee\/wp-content\/uploads\/2026\/03\/Tall-1-2048x815.jpg 2048w, https:\/\/peipsitalu.ee\/wp-content\/uploads\/2026\/03\/Tall-1-18x7.jpg 18w\" sizes=\"auto, (max-width: 1024px) 100vw, 1024px\" \/><\/figure>\n<\/figure>\n<\/div>\n<\/div>\n\n\n\n<div class=\"wp-block-columns alignwide is-layout-flex wp-container-core-columns-is-layout-28f84493 wp-block-columns-is-layout-flex\">\n<div class=\"wp-block-column is-layout-flow wp-block-column-is-layout-flow\">\n<figure class=\"wp-block-image size-large\"><img loading=\"lazy\" decoding=\"async\" width=\"1024\" height=\"576\" src=\"https:\/\/peipsitalu.ee\/wp-content\/uploads\/2026\/03\/4208d802-22c5-4e34-bff9-4fc550e54cc9-1024x576.jpg\" alt=\"\" class=\"wp-image-487\" srcset=\"https:\/\/peipsitalu.ee\/wp-content\/uploads\/2026\/03\/4208d802-22c5-4e34-bff9-4fc550e54cc9-1024x576.jpg 1024w, https:\/\/peipsitalu.ee\/wp-content\/uploads\/2026\/03\/4208d802-22c5-4e34-bff9-4fc550e54cc9-300x169.jpg 300w, https:\/\/peipsitalu.ee\/wp-content\/uploads\/2026\/03\/4208d802-22c5-4e34-bff9-4fc550e54cc9-768x432.jpg 768w, https:\/\/peipsitalu.ee\/wp-content\/uploads\/2026\/03\/4208d802-22c5-4e34-bff9-4fc550e54cc9-1536x864.jpg 1536w, https:\/\/peipsitalu.ee\/wp-content\/uploads\/2026\/03\/4208d802-22c5-4e34-bff9-4fc550e54cc9-18x10.jpg 18w, https:\/\/peipsitalu.ee\/wp-content\/uploads\/2026\/03\/4208d802-22c5-4e34-bff9-4fc550e54cc9.jpg 1600w\" sizes=\"auto, (max-width: 1024px) 100vw, 1024px\" \/><\/figure>\n<\/div>\n\n\n\n<div class=\"wp-block-column is-layout-flow wp-block-column-is-layout-flow\">\n<figure class=\"wp-block-image size-large\"><img loading=\"lazy\" decoding=\"async\" width=\"1024\" height=\"768\" src=\"https:\/\/peipsitalu.ee\/wp-content\/uploads\/2026\/03\/362625791_835811258182345_198934364196114902_n-1024x768.jpg\" alt=\"\" class=\"wp-image-509\" srcset=\"https:\/\/peipsitalu.ee\/wp-content\/uploads\/2026\/03\/362625791_835811258182345_198934364196114902_n-1024x768.jpg 1024w, https:\/\/peipsitalu.ee\/wp-content\/uploads\/2026\/03\/362625791_835811258182345_198934364196114902_n-300x225.jpg 300w, https:\/\/peipsitalu.ee\/wp-content\/uploads\/2026\/03\/362625791_835811258182345_198934364196114902_n-768x576.jpg 768w, https:\/\/peipsitalu.ee\/wp-content\/uploads\/2026\/03\/362625791_835811258182345_198934364196114902_n-1536x1152.jpg 1536w, https:\/\/peipsitalu.ee\/wp-content\/uploads\/2026\/03\/362625791_835811258182345_198934364196114902_n-16x12.jpg 16w, https:\/\/peipsitalu.ee\/wp-content\/uploads\/2026\/03\/362625791_835811258182345_198934364196114902_n.jpg 2048w\" sizes=\"auto, (max-width: 1024px) 100vw, 1024px\" \/><\/figure>\n<\/div>\n\n\n\n<div class=\"wp-block-column is-layout-flow wp-block-column-is-layout-flow\">\n<figure class=\"wp-block-image size-large\"><img loading=\"lazy\" decoding=\"async\" width=\"1024\" height=\"683\" src=\"https:\/\/peipsitalu.ee\/wp-content\/uploads\/2026\/03\/saun_uus-1024x683.jpg\" alt=\"\" class=\"wp-image-501\" srcset=\"https:\/\/peipsitalu.ee\/wp-content\/uploads\/2026\/03\/saun_uus-1024x683.jpg 1024w, https:\/\/peipsitalu.ee\/wp-content\/uploads\/2026\/03\/saun_uus-300x200.jpg 300w, https:\/\/peipsitalu.ee\/wp-content\/uploads\/2026\/03\/saun_uus-768x512.jpg 768w, https:\/\/peipsitalu.ee\/wp-content\/uploads\/2026\/03\/saun_uus-18x12.jpg 18w, https:\/\/peipsitalu.ee\/wp-content\/uploads\/2026\/03\/saun_uus.jpg 1170w\" sizes=\"auto, (max-width: 1024px) 100vw, 1024px\" \/><\/figure>\n<\/div>\n<\/div>\n<\/div>","protected":false},"excerpt":{"rendered":"<p>Seminariruum ajaloolises sepikojas Suur seminariruum mahutab 10 ja v\u00e4ike ruum 5 inimest.\u00a0 Suured katuseaknad ja r\u00f5duuksed annavad ruumidele valgust, hubasust ja avarust. Esimsel korrusel on seminari\u00a0 l\u00e4biviimseks abiruum koos k\u00f6\u00f6giga. [&hellip;]<\/p>\n","protected":false},"author":1,"featured_media":0,"parent":0,"menu_order":0,"comment_status":"closed","ping_status":"closed","template":"page-with-title","meta":{"_EventAllDay":false,"_EventTimezone":"","_EventStartDate":"","_EventEndDate":"","_EventStartDateUTC":"","_EventEndDateUTC":"","_EventShowMap":false,"_EventShowMapLink":false,"_EventURL":"","_EventCost":"","_EventCostDescription":"","_EventCurrencySymbol":"","_EventCurrencyCode":"","_EventCurrencyPosition":"","_EventDateTimeSeparator":"","_EventTimeRangeSeparator":"","_EventOrganizerID":[],"_EventVenueID":[],"_OrganizerEmail":"","_OrganizerPhone":"","_OrganizerWebsite":"","_VenueAddress":"","_VenueCity":"","_VenueCountry":"","_VenueProvince":"","_VenueState":"","_VenueZip":"","_VenuePhone":"","_VenueURL":"","_VenueStateProvince":"","_VenueLat":"","_VenueLng":"","_VenueShowMap":false,"_VenueShowMapLink":false,"footnotes":""},"class_list":["post-257","page","type-page","status-publish","hentry"],"aioseo_notices":[],"_links":{"self":[{"href":"https:\/\/peipsitalu.ee\/en\/wp-json\/wp\/v2\/pages\/257","targetHints":{"allow":["GET"]}}],"collection":[{"href":"https:\/\/peipsitalu.ee\/en\/wp-json\/wp\/v2\/pages"}],"about":[{"href":"https:\/\/peipsitalu.ee\/en\/wp-json\/wp\/v2\/types\/page"}],"author":[{"embeddable":true,"href":"https:\/\/peipsitalu.ee\/en\/wp-json\/wp\/v2\/users\/1"}],"replies":[{"embeddable":true,"href":"https:\/\/peipsitalu.ee\/en\/wp-json\/wp\/v2\/comments?post=257"}],"version-history":[{"count":20,"href":"https:\/\/peipsitalu.ee\/en\/wp-json\/wp\/v2\/pages\/257\/revisions"}],"predecessor-version":[{"id":512,"href":"https:\/\/peipsitalu.ee\/en\/wp-json\/wp\/v2\/pages\/257\/revisions\/512"}],"wp:attachment":[{"href":"https:\/\/peipsitalu.ee\/en\/wp-json\/wp\/v2\/media?parent=257"}],"curies":[{"name":"wp","href":"https:\/\/api.w.org\/{rel}","templated":true}]}}