{"id":37,"date":"2025-08-17T18:14:32","date_gmt":"2025-08-17T18:14:32","guid":{"rendered":"https:\/\/peipsitalu.ee\/kontakt\/"},"modified":"2026-02-13T08:41:51","modified_gmt":"2026-02-13T08:41:51","slug":"kontakt","status":"publish","type":"page","link":"https:\/\/peipsitalu.ee\/en\/kontakt\/","title":{"rendered":"Kontakt"},"content":{"rendered":"\n<div class=\"wp-block-group alignfull has-background-background-color has-background has-global-padding is-layout-constrained wp-block-group-is-layout-constrained\" id=\"kontakt\" style=\"margin-top:0;margin-bottom:0;padding-top:var(--wp--preset--spacing--60);padding-bottom:var(--wp--preset--spacing--60)\">\n<div class=\"wp-block-columns alignwide is-layout-flex wp-container-core-columns-is-layout-47c06fe3 wp-block-columns-is-layout-flex\">\n<div class=\"wp-block-column is-layout-flow wp-block-column-is-layout-flow\" style=\"flex-basis:50%\">\n<figure class=\"wp-block-image aligncenter size-large is-resized has-custom-border\"><img loading=\"lazy\" decoding=\"async\" width=\"1024\" height=\"683\" src=\"https:\/\/peipsitalu.ee\/wp-content\/uploads\/2025\/08\/SIBULATEE_2023_07_TORRESKI_TALU_2023_07__25-1-1024x683.jpg\" alt=\"\" class=\"wp-image-84\" style=\"border-radius:1rem;aspect-ratio:0.75;object-fit:cover;width:323px;height:auto\" srcset=\"https:\/\/peipsitalu.ee\/wp-content\/uploads\/2025\/08\/SIBULATEE_2023_07_TORRESKI_TALU_2023_07__25-1-1024x683.jpg 1024w, https:\/\/peipsitalu.ee\/wp-content\/uploads\/2025\/08\/SIBULATEE_2023_07_TORRESKI_TALU_2023_07__25-1-300x200.jpg 300w, https:\/\/peipsitalu.ee\/wp-content\/uploads\/2025\/08\/SIBULATEE_2023_07_TORRESKI_TALU_2023_07__25-1-768x512.jpg 768w, https:\/\/peipsitalu.ee\/wp-content\/uploads\/2025\/08\/SIBULATEE_2023_07_TORRESKI_TALU_2023_07__25-1-1536x1024.jpg 1536w, https:\/\/peipsitalu.ee\/wp-content\/uploads\/2025\/08\/SIBULATEE_2023_07_TORRESKI_TALU_2023_07__25-1-2048x1365.jpg 2048w\" sizes=\"auto, (max-width: 1024px) 100vw, 1024px\" \/><\/figure>\n<\/div>\n\n\n\n<div class=\"wp-block-column is-layout-flow wp-block-column-is-layout-flow\" style=\"flex-basis:50%\">\n<div class=\"wp-block-group has-global-padding is-layout-constrained wp-block-group-is-layout-constrained\" style=\"margin-bottom:var(--wp--preset--spacing--40)\">\n<h2 class=\"wp-block-heading has-large-font-size\">V\u00f5ta meiega \u00fchendust<\/h2>\n\n\n\n<p style=\"margin-top:1rem\"> toreski.talu@gmail.com<\/p>\n\n\n\n<p>+372 5210881<\/p>\n\n\n\n<p>+372 5076551<\/p>\n<\/div>\n\n\n<div class=\"wpforms-container wpforms-block wpforms-block-9afe8130-2d97-4b16-9810-df903f92a81c wpforms-render-modern\" id=\"wpforms-31\"><form id=\"wpforms-form-31\" class=\"wpforms-validate wpforms-form wpforms-ajax-form\" data-formid=\"31\" method=\"post\" enctype=\"multipart\/form-data\" action=\"\/en\/wp-json\/wp\/v2\/pages\/37\" data-token=\"d1c8b3dbb9d420b6ad1ed032b1ee15f9\" data-token-time=\"1776167486\"><noscript class=\"wpforms-error-noscript\">Please enable JavaScript in your browser to complete this form.<\/noscript><div id=\"wpforms-error-noscript\" style=\"display: none;\">Please enable JavaScript in your browser to complete this form.<\/div><div class=\"wpforms-field-container\">\t\t<div id=\"wpforms-31-field_5-container\"\n\t\t\tclass=\"wpforms-field wpforms-field-text\"\n\t\t\tdata-field-type=\"text\"\n\t\t\tdata-field-id=\"5\"\n\t\t\t>\n\t\t\t<label class=\"wpforms-field-label\" for=\"wpforms-31-field_5\" >Nimi S\u00f5num E-post<\/label>\n\t\t\t<input type=\"text\" id=\"wpforms-31-field_5\" class=\"wpforms-field-medium\" name=\"wpforms[fields][5]\" >\n\t\t<\/div>\n\t\t<div id=\"wpforms-31-field_1-container\" class=\"wpforms-field wpforms-field-name\" data-field-id=\"1\"><label class=\"wpforms-field-label\" for=\"wpforms-31-field_1\">Nimi <span class=\"wpforms-required-label\" aria-hidden=\"true\">*<\/span><\/label><input type=\"text\" id=\"wpforms-31-field_1\" class=\"wpforms-field-large wpforms-field-required\" name=\"wpforms[fields][1]\" aria-errormessage=\"wpforms-31-field_1-error\" required><\/div><div id=\"wpforms-31-field_2-container\" class=\"wpforms-field wpforms-field-email\" data-field-id=\"2\"><label class=\"wpforms-field-label\" for=\"wpforms-31-field_2\">E-post <span class=\"wpforms-required-label\" aria-hidden=\"true\">*<\/span><\/label><input type=\"email\" id=\"wpforms-31-field_2\" class=\"wpforms-field-large wpforms-field-required\" name=\"wpforms[fields][2]\" spellcheck=\"false\" aria-errormessage=\"wpforms-31-field_2-error\" required><\/div><div id=\"wpforms-31-field_3-container\" class=\"wpforms-field wpforms-field-text\" data-field-id=\"3\"><label class=\"wpforms-field-label\" for=\"wpforms-31-field_3\">Teema<\/label><input type=\"text\" id=\"wpforms-31-field_3\" class=\"wpforms-field-large\" name=\"wpforms[fields][3]\" aria-errormessage=\"wpforms-31-field_3-error\" ><\/div><div id=\"wpforms-31-field_4-container\" class=\"wpforms-field wpforms-field-textarea\" data-field-id=\"4\"><label class=\"wpforms-field-label\" for=\"wpforms-31-field_4\">S\u00f5num <span class=\"wpforms-required-label\" aria-hidden=\"true\">*<\/span><\/label><textarea id=\"wpforms-31-field_4\" class=\"wpforms-field-large wpforms-field-required\" name=\"wpforms[fields][4]\" aria-errormessage=\"wpforms-31-field_4-error\" required><\/textarea><\/div><script>\n\t\t\t\t( function() {\n\t\t\t\t\tconst style = document.createElement( 'style' );\n\t\t\t\t\tstyle.appendChild( document.createTextNode( '#wpforms-31-field_5-container { position: absolute !important; overflow: hidden !important; display: inline !important; height: 1px !important; width: 1px !important; z-index: -1000 !important; padding: 0 !important; } #wpforms-31-field_5-container input { visibility: hidden; } #wpforms-conversational-form-page #wpforms-31-field_5-container label { counter-increment: none; }' ) );\n\t\t\t\t\tdocument.head.appendChild( style );\n\t\t\t\t\tdocument.currentScript?.remove();\n\t\t\t\t} )();\n\t\t\t<\/script><\/div><!-- .wpforms-field-container --><div class=\"wpforms-submit-container\" ><input type=\"hidden\" name=\"wpforms[id]\" value=\"31\"><input type=\"hidden\" name=\"page_title\" value=\"\"><input type=\"hidden\" name=\"page_url\" value=\"https:\/\/peipsitalu.ee\/en\/wp-json\/wp\/v2\/pages\/37\"><input type=\"hidden\" name=\"url_referer\" value=\"\"><button type=\"submit\" name=\"wpforms[submit]\" id=\"wpforms-submit-31\" class=\"wpforms-submit\" data-alt-text=\"Sending...\" data-submit-text=\"Submit\" aria-live=\"assertive\" value=\"wpforms-submit\">Submit<\/button><img loading=\"lazy\" decoding=\"async\" src=\"https:\/\/peipsitalu.ee\/wp-content\/plugins\/wpforms-lite\/assets\/images\/submit-spin.svg\" class=\"wpforms-submit-spinner\" style=\"display: none;\" width=\"26\" height=\"26\" alt=\"Loading\"><\/div><\/form><\/div>  <!-- .wpforms-container --><\/div>\n<\/div>\n<\/div>\n\n\n\n<div class=\"wp-block-group alignfull has-tertiary-background-color has-background has-global-padding is-layout-constrained wp-container-core-group-is-layout-fb85e995 wp-block-group-is-layout-constrained\" id=\"teeninduspiirkond\" style=\"margin-top:0;margin-bottom:0;padding-top:var(--wp--preset--spacing--60);padding-right:var(--wp--preset--spacing--30);padding-bottom:var(--wp--preset--spacing--60);padding-left:var(--wp--preset--spacing--30)\">\n<div class=\"wp-block-group alignwide is-vertical is-layout-flex wp-container-core-group-is-layout-fe9cc265 wp-block-group-is-layout-flex\">\n<div class=\"wp-block-group alignwide has-global-padding is-content-justification-left is-layout-constrained wp-container-core-group-is-layout-8b4c372c wp-block-group-is-layout-constrained\">\n<h2 class=\"wp-block-heading\">Kogege unikaalseid kunstin\u00e4itusi ja inspireerivaid seminare<\/h2>\n\n\n\n<p class=\"has-medium-font-size\" style=\"margin-top:16px\"><\/p>\n<\/div>\n<\/div>\n\n\n\n<div class=\"wp-block-columns alignwide is-layout-flex wp-container-core-columns-is-layout-5b525043 wp-block-columns-is-layout-flex\">\n<div class=\"wp-block-column is-layout-flow wp-container-core-column-is-layout-8a368f38 wp-block-column-is-layout-flow\">\n<div class=\"wp-block-group has-background-background-color has-background has-global-padding is-layout-constrained wp-container-core-group-is-layout-d4c84382 wp-block-group-is-layout-constrained\" style=\"border-radius:1.5rem;padding-top:1.5rem;padding-right:1.5rem;padding-bottom:2rem;padding-left:1.5rem\">\n<figure class=\"wp-block-image size-full has-custom-border\"><img loading=\"lazy\" decoding=\"async\" width=\"18779\" height=\"5413\" src=\"https:\/\/peipsitalu.ee\/wp-content\/uploads\/2025\/08\/SIBULATEE_2023_07__MG_1905-Pano.jpg\" alt=\"\" class=\"wp-image-111\" style=\"border-radius:1.5rem;aspect-ratio:16\/9;object-fit:cover\"\/><\/figure>\n\n\n\n<h4 class=\"wp-block-heading\" style=\"font-size:clamp(15.747px, 0.984rem + ((1vw - 3.2px) * 0.86), 24px);\">Peipsi Turismitalu<\/h4>\n\n\n\n<p class=\"has-small-font-size\" style=\"margin-top:8px\">Pakume kohandatud majutus- ja kultuuriteenuseid teie soovide j\u00e4rgi<\/p>\n<\/div>\n<\/div>\n\n\n\n<div class=\"wp-block-column is-layout-flow wp-container-core-column-is-layout-8a368f38 wp-block-column-is-layout-flow\">\n<div class=\"wp-block-group has-background-background-color has-background has-global-padding is-layout-constrained wp-container-core-group-is-layout-d4c84382 wp-block-group-is-layout-constrained\" style=\"border-radius:1.5rem;padding-top:1.5rem;padding-right:1.5rem;padding-bottom:2rem;padding-left:1.5rem\">\n<figure class=\"wp-block-image size-large has-custom-border\"><img loading=\"lazy\" decoding=\"async\" width=\"1024\" height=\"577\" src=\"https:\/\/peipsitalu.ee\/wp-content\/uploads\/2026\/02\/Sepikoda-1024x577.jpeg\" alt=\"\" class=\"wp-image-441\" style=\"border-radius:1.5rem;aspect-ratio:16\/9;object-fit:cover\" srcset=\"https:\/\/peipsitalu.ee\/wp-content\/uploads\/2026\/02\/Sepikoda-1024x577.jpeg 1024w, https:\/\/peipsitalu.ee\/wp-content\/uploads\/2026\/02\/Sepikoda-300x169.jpeg 300w, https:\/\/peipsitalu.ee\/wp-content\/uploads\/2026\/02\/Sepikoda-768x432.jpeg 768w, https:\/\/peipsitalu.ee\/wp-content\/uploads\/2026\/02\/Sepikoda-1536x865.jpeg 1536w, https:\/\/peipsitalu.ee\/wp-content\/uploads\/2026\/02\/Sepikoda.jpeg 2048w\" sizes=\"auto, (max-width: 1024px) 100vw, 1024px\" \/><\/figure>\n\n\n\n<h4 class=\"wp-block-heading\" style=\"font-size:clamp(15.747px, 0.984rem + ((1vw - 3.2px) * 0.86), 24px);\">Kultuurisepikoda<\/h4>\n\n\n\n<p class=\"has-small-font-size\" style=\"margin-top:8px\">Avastage kunstin\u00e4ituste ja seminaride korraldamise v\u00f5imalused<\/p>\n<\/div>\n<\/div>\n<\/div>\n\n\n\n<div class=\"wp-block-columns alignwide is-layout-flex wp-container-core-columns-is-layout-5b525043 wp-block-columns-is-layout-flex\">\n<div class=\"wp-block-column is-layout-flow wp-container-core-column-is-layout-8a368f38 wp-block-column-is-layout-flow\">\n<div class=\"wp-block-group has-background-background-color has-background has-global-padding is-layout-constrained wp-container-core-group-is-layout-d4c84382 wp-block-group-is-layout-constrained\" style=\"border-radius:1.5rem;padding-top:1.5rem;padding-right:1.5rem;padding-bottom:2rem;padding-left:1.5rem\">\n<figure class=\"wp-block-image size-large has-custom-border\"><img loading=\"lazy\" decoding=\"async\" width=\"1024\" height=\"544\" src=\"https:\/\/peipsitalu.ee\/wp-content\/uploads\/2025\/08\/SIBULATEE_2023_07__MG_1654-HDR-Pano-1024x544.jpg\" alt=\"\" class=\"wp-image-109\" style=\"border-radius:1.5rem;aspect-ratio:16\/9;object-fit:cover\" srcset=\"https:\/\/peipsitalu.ee\/wp-content\/uploads\/2025\/08\/SIBULATEE_2023_07__MG_1654-HDR-Pano-1024x544.jpg 1024w, https:\/\/peipsitalu.ee\/wp-content\/uploads\/2025\/08\/SIBULATEE_2023_07__MG_1654-HDR-Pano-300x159.jpg 300w, https:\/\/peipsitalu.ee\/wp-content\/uploads\/2025\/08\/SIBULATEE_2023_07__MG_1654-HDR-Pano-768x408.jpg 768w, https:\/\/peipsitalu.ee\/wp-content\/uploads\/2025\/08\/SIBULATEE_2023_07__MG_1654-HDR-Pano-1536x815.jpg 1536w, https:\/\/peipsitalu.ee\/wp-content\/uploads\/2025\/08\/SIBULATEE_2023_07__MG_1654-HDR-Pano-2048x1087.jpg 2048w\" sizes=\"auto, (max-width: 1024px) 100vw, 1024px\" \/><\/figure>\n\n\n\n<h4 class=\"wp-block-heading\" style=\"font-size:clamp(15.747px, 0.984rem + ((1vw - 3.2px) * 0.86), 24px);\">Majutus<\/h4>\n\n\n\n<p class=\"has-small-font-size\" style=\"margin-top:8px\">P\u00fchendunud looma meeldivaid ja meeldej\u00e4\u00e4vaid kogemusi k\u00f5igile<\/p>\n<\/div>\n<\/div>\n\n\n\n<div class=\"wp-block-column is-layout-flow wp-container-core-column-is-layout-8a368f38 wp-block-column-is-layout-flow\">\n<div class=\"wp-block-group has-background-background-color has-background has-global-padding is-layout-constrained wp-container-core-group-is-layout-d4c84382 wp-block-group-is-layout-constrained\" style=\"border-radius:1.5rem;padding-top:1.5rem;padding-right:1.5rem;padding-bottom:2rem;padding-left:1.5rem\">\n<figure class=\"wp-block-image size-large has-custom-border\"><img loading=\"lazy\" decoding=\"async\" width=\"769\" height=\"1024\" src=\"https:\/\/peipsitalu.ee\/wp-content\/uploads\/2026\/02\/IMG_20250715_121310-4-769x1024.jpg\" alt=\"\" class=\"wp-image-443\" style=\"border-radius:1.5rem;aspect-ratio:16\/9;object-fit:cover\" srcset=\"https:\/\/peipsitalu.ee\/wp-content\/uploads\/2026\/02\/IMG_20250715_121310-4-769x1024.jpg 769w, https:\/\/peipsitalu.ee\/wp-content\/uploads\/2026\/02\/IMG_20250715_121310-4-225x300.jpg 225w, https:\/\/peipsitalu.ee\/wp-content\/uploads\/2026\/02\/IMG_20250715_121310-4-768x1022.jpg 768w, https:\/\/peipsitalu.ee\/wp-content\/uploads\/2026\/02\/IMG_20250715_121310-4-1154x1536.jpg 1154w, https:\/\/peipsitalu.ee\/wp-content\/uploads\/2026\/02\/IMG_20250715_121310-4-1538x2048.jpg 1538w, https:\/\/peipsitalu.ee\/wp-content\/uploads\/2026\/02\/IMG_20250715_121310-4-scaled.jpg 1923w\" sizes=\"auto, (max-width: 769px) 100vw, 769px\" \/><\/figure>\n\n\n\n<h4 class=\"wp-block-heading\" style=\"font-size:clamp(15.747px, 0.984rem + ((1vw - 3.2px) * 0.86), 24px);\">Seminariruum<\/h4>\n\n\n\n<p class=\"has-small-font-size\" style=\"margin-top:8px\">Pakume paindlikke ja kvaliteetseid ruume koolitusteks ja \u00fcritusteks<\/p>\n<\/div>\n<\/div>\n<\/div>\n<\/div>\n","protected":false},"excerpt":{"rendered":"<p>V\u00f5ta meiega \u00fchendust toreski.talu@gmail.com +372 5210881 +372 5076551 Kogege unikaalseid kunstin\u00e4itusi ja inspireerivaid seminare Peipsi Turismitalu Pakume kohandatud majutus- ja kultuuriteenuseid teie soovide j\u00e4rgi Kultuurisepikoda Avastage kunstin\u00e4ituste ja seminaride korraldamise [&hellip;]<\/p>\n","protected":false},"author":1,"featured_media":0,"parent":0,"menu_order":0,"comment_status":"closed","ping_status":"closed","template":"page-with-title","meta":{"_EventAllDay":false,"_EventTimezone":"","_EventStartDate":"","_EventEndDate":"","_EventStartDateUTC":"","_EventEndDateUTC":"","_EventShowMap":false,"_EventShowMapLink":false,"_EventURL":"","_EventCost":"","_EventCostDescription":"","_EventCurrencySymbol":"","_EventCurrencyCode":"","_EventCurrencyPosition":"","_EventDateTimeSeparator":"","_EventTimeRangeSeparator":"","_EventOrganizerID":[],"_EventVenueID":[],"_OrganizerEmail":"","_OrganizerPhone":"","_OrganizerWebsite":"","_VenueAddress":"","_VenueCity":"","_VenueCountry":"","_VenueProvince":"","_VenueState":"","_VenueZip":"","_VenuePhone":"","_VenueURL":"","_VenueStateProvince":"","_VenueLat":"","_VenueLng":"","_VenueShowMap":false,"_VenueShowMapLink":false,"footnotes":""},"class_list":["post-37","page","type-page","status-publish","hentry"],"aioseo_notices":[],"_links":{"self":[{"href":"https:\/\/peipsitalu.ee\/en\/wp-json\/wp\/v2\/pages\/37","targetHints":{"allow":["GET"]}}],"collection":[{"href":"https:\/\/peipsitalu.ee\/en\/wp-json\/wp\/v2\/pages"}],"about":[{"href":"https:\/\/peipsitalu.ee\/en\/wp-json\/wp\/v2\/types\/page"}],"author":[{"embeddable":true,"href":"https:\/\/peipsitalu.ee\/en\/wp-json\/wp\/v2\/users\/1"}],"replies":[{"embeddable":true,"href":"https:\/\/peipsitalu.ee\/en\/wp-json\/wp\/v2\/comments?post=37"}],"version-history":[{"count":9,"href":"https:\/\/peipsitalu.ee\/en\/wp-json\/wp\/v2\/pages\/37\/revisions"}],"predecessor-version":[{"id":450,"href":"https:\/\/peipsitalu.ee\/en\/wp-json\/wp\/v2\/pages\/37\/revisions\/450"}],"wp:attachment":[{"href":"https:\/\/peipsitalu.ee\/en\/wp-json\/wp\/v2\/media?parent=37"}],"curies":[{"name":"wp","href":"https:\/\/api.w.org\/{rel}","templated":true}]}}