{"id":39,"date":"2025-08-17T18:14:32","date_gmt":"2025-08-17T18:14:32","guid":{"rendered":"https:\/\/peipsitalu.ee\/teenused\/"},"modified":"2026-02-12T11:18:30","modified_gmt":"2026-02-12T11:18:30","slug":"teenused","status":"publish","type":"page","link":"https:\/\/peipsitalu.ee\/en\/teenused\/","title":{"rendered":"N\u00e4itused Kultuurisepikojas"},"content":{"rendered":"<div class=\"wp-block-group alignfull has-tertiary-background-color has-background has-global-padding is-layout-constrained wp-container-core-group-is-layout-7276a2bb wp-block-group-is-layout-constrained\" style=\"margin-top:0;margin-bottom:0;padding-top:var(--wp--preset--spacing--60);padding-right:var(--wp--preset--spacing--30);padding-bottom:var(--wp--preset--spacing--60);padding-left:var(--wp--preset--spacing--30)\">\n<h2 class=\"wp-block-heading has-text-align-center\">S\u00fcndmused Toreski talus\/Kultuurisepikojas<\/h2>\n\n\n\n<div class=\"wp-block-columns is-layout-flex wp-container-core-columns-is-layout-28f84493 wp-block-columns-is-layout-flex\">\n<div class=\"wp-block-column is-layout-flow wp-block-column-is-layout-flow\" style=\"flex-basis:33.33%\">\n<figure class=\"wp-block-image size-large is-style-rounded\"><img loading=\"lazy\" decoding=\"async\" width=\"768\" height=\"1024\" src=\"https:\/\/peipsitalu.ee\/wp-content\/uploads\/2026\/02\/IMG_20250814_165007-768x1024.jpg\" alt=\"\" class=\"wp-image-386\" srcset=\"https:\/\/peipsitalu.ee\/wp-content\/uploads\/2026\/02\/IMG_20250814_165007-768x1024.jpg 768w, https:\/\/peipsitalu.ee\/wp-content\/uploads\/2026\/02\/IMG_20250814_165007-225x300.jpg 225w, https:\/\/peipsitalu.ee\/wp-content\/uploads\/2026\/02\/IMG_20250814_165007-1152x1536.jpg 1152w, https:\/\/peipsitalu.ee\/wp-content\/uploads\/2026\/02\/IMG_20250814_165007-1536x2048.jpg 1536w, https:\/\/peipsitalu.ee\/wp-content\/uploads\/2026\/02\/IMG_20250814_165007-scaled.jpg 1920w\" sizes=\"auto, (max-width: 768px) 100vw, 768px\" \/><\/figure>\n<\/div>\n\n\n\n<div class=\"wp-block-column is-layout-flow wp-block-column-is-layout-flow\" style=\"flex-basis:66.66%\">\n<h4 class=\"wp-block-heading\">Mari rahvusest kunstniku Zhanna Tohti n\u00e4itus \u201cMillest r\u00e4\u00e4givad mari mustrid?\u201d<\/h4>\n\n\n\n<p>14. august &#8211; 20. september 2025.a.<\/p>\n<p>Marilanna t\u00f6\u00f6d tutvustavad vaatajale mari tikandite salap\u00e4rast keelt ning pakuvad v\u00f5imaluse ka teistel rahvastel t\u00f5lgendada oma kultuurist leitavaid s\u00fcmboleid, avardades seel\u00e4bi oma maailmataju.\u00a0<\/p>\n<\/div>\n<\/div>\n\n\n\n<figure class=\"wp-block-gallery has-nested-images columns-default is-cropped wp-block-gallery-1 is-layout-flex wp-block-gallery-is-layout-flex\">\n<figure class=\"wp-block-image size-large\"><img loading=\"lazy\" decoding=\"async\" width=\"1024\" height=\"768\" data-id=\"396\" src=\"https:\/\/peipsitalu.ee\/wp-content\/uploads\/2026\/02\/IMG_20250814_153420-1024x768.jpg\" alt=\"\" class=\"wp-image-396\" srcset=\"https:\/\/peipsitalu.ee\/wp-content\/uploads\/2026\/02\/IMG_20250814_153420-1024x768.jpg 1024w, https:\/\/peipsitalu.ee\/wp-content\/uploads\/2026\/02\/IMG_20250814_153420-300x225.jpg 300w, https:\/\/peipsitalu.ee\/wp-content\/uploads\/2026\/02\/IMG_20250814_153420-768x576.jpg 768w, https:\/\/peipsitalu.ee\/wp-content\/uploads\/2026\/02\/IMG_20250814_153420-1536x1152.jpg 1536w, https:\/\/peipsitalu.ee\/wp-content\/uploads\/2026\/02\/IMG_20250814_153420-2048x1536.jpg 2048w\" sizes=\"auto, (max-width: 1024px) 100vw, 1024px\" \/><\/figure>\n\n\n\n<figure class=\"wp-block-image size-large\"><img loading=\"lazy\" decoding=\"async\" width=\"1024\" height=\"683\" data-id=\"399\" src=\"https:\/\/peipsitalu.ee\/wp-content\/uploads\/2026\/02\/DSC_0731-1024x683.jpg\" alt=\"\" class=\"wp-image-399\" srcset=\"https:\/\/peipsitalu.ee\/wp-content\/uploads\/2026\/02\/DSC_0731-1024x683.jpg 1024w, https:\/\/peipsitalu.ee\/wp-content\/uploads\/2026\/02\/DSC_0731-300x200.jpg 300w, https:\/\/peipsitalu.ee\/wp-content\/uploads\/2026\/02\/DSC_0731-768x512.jpg 768w, https:\/\/peipsitalu.ee\/wp-content\/uploads\/2026\/02\/DSC_0731-1536x1024.jpg 1536w, https:\/\/peipsitalu.ee\/wp-content\/uploads\/2026\/02\/DSC_0731-2048x1365.jpg 2048w\" sizes=\"auto, (max-width: 1024px) 100vw, 1024px\" \/><\/figure>\n\n\n\n<figure class=\"wp-block-image size-large\"><img loading=\"lazy\" decoding=\"async\" width=\"1024\" height=\"683\" data-id=\"402\" src=\"https:\/\/peipsitalu.ee\/wp-content\/uploads\/2026\/02\/DSC_0758-1024x683.jpg\" alt=\"\" class=\"wp-image-402\" srcset=\"https:\/\/peipsitalu.ee\/wp-content\/uploads\/2026\/02\/DSC_0758-1024x683.jpg 1024w, https:\/\/peipsitalu.ee\/wp-content\/uploads\/2026\/02\/DSC_0758-300x200.jpg 300w, https:\/\/peipsitalu.ee\/wp-content\/uploads\/2026\/02\/DSC_0758-768x512.jpg 768w, https:\/\/peipsitalu.ee\/wp-content\/uploads\/2026\/02\/DSC_0758-1536x1024.jpg 1536w, https:\/\/peipsitalu.ee\/wp-content\/uploads\/2026\/02\/DSC_0758-2048x1365.jpg 2048w\" sizes=\"auto, (max-width: 1024px) 100vw, 1024px\" \/><\/figure>\n\n\n\n<figure class=\"wp-block-image size-large\"><img loading=\"lazy\" decoding=\"async\" width=\"1024\" height=\"683\" data-id=\"401\" src=\"https:\/\/peipsitalu.ee\/wp-content\/uploads\/2026\/02\/DSC_0749-1024x683.jpg\" alt=\"\" class=\"wp-image-401\" srcset=\"https:\/\/peipsitalu.ee\/wp-content\/uploads\/2026\/02\/DSC_0749-1024x683.jpg 1024w, https:\/\/peipsitalu.ee\/wp-content\/uploads\/2026\/02\/DSC_0749-300x200.jpg 300w, https:\/\/peipsitalu.ee\/wp-content\/uploads\/2026\/02\/DSC_0749-768x512.jpg 768w, https:\/\/peipsitalu.ee\/wp-content\/uploads\/2026\/02\/DSC_0749-1536x1024.jpg 1536w, https:\/\/peipsitalu.ee\/wp-content\/uploads\/2026\/02\/DSC_0749-2048x1365.jpg 2048w\" sizes=\"auto, (max-width: 1024px) 100vw, 1024px\" \/><\/figure>\n\n\n\n<figure class=\"wp-block-image size-large\"><img loading=\"lazy\" decoding=\"async\" width=\"1024\" height=\"768\" data-id=\"395\" src=\"https:\/\/peipsitalu.ee\/wp-content\/uploads\/2026\/02\/IMG_20250814_153939-1024x768.jpg\" alt=\"\" class=\"wp-image-395\" srcset=\"https:\/\/peipsitalu.ee\/wp-content\/uploads\/2026\/02\/IMG_20250814_153939-1024x768.jpg 1024w, https:\/\/peipsitalu.ee\/wp-content\/uploads\/2026\/02\/IMG_20250814_153939-300x225.jpg 300w, https:\/\/peipsitalu.ee\/wp-content\/uploads\/2026\/02\/IMG_20250814_153939-768x576.jpg 768w, https:\/\/peipsitalu.ee\/wp-content\/uploads\/2026\/02\/IMG_20250814_153939-1536x1152.jpg 1536w, https:\/\/peipsitalu.ee\/wp-content\/uploads\/2026\/02\/IMG_20250814_153939-2048x1536.jpg 2048w\" sizes=\"auto, (max-width: 1024px) 100vw, 1024px\" \/><\/figure>\n\n\n\n<figure class=\"wp-block-image size-large\"><img loading=\"lazy\" decoding=\"async\" width=\"1024\" height=\"768\" data-id=\"394\" src=\"https:\/\/peipsitalu.ee\/wp-content\/uploads\/2026\/02\/IMG_20250814_155436-1024x768.jpg\" alt=\"\" class=\"wp-image-394\" srcset=\"https:\/\/peipsitalu.ee\/wp-content\/uploads\/2026\/02\/IMG_20250814_155436-1024x768.jpg 1024w, https:\/\/peipsitalu.ee\/wp-content\/uploads\/2026\/02\/IMG_20250814_155436-300x225.jpg 300w, https:\/\/peipsitalu.ee\/wp-content\/uploads\/2026\/02\/IMG_20250814_155436-768x576.jpg 768w, https:\/\/peipsitalu.ee\/wp-content\/uploads\/2026\/02\/IMG_20250814_155436-1536x1152.jpg 1536w, https:\/\/peipsitalu.ee\/wp-content\/uploads\/2026\/02\/IMG_20250814_155436-2048x1536.jpg 2048w\" sizes=\"auto, (max-width: 1024px) 100vw, 1024px\" \/><\/figure>\n<\/figure>\n\n\n\n<div class=\"wp-block-columns is-layout-flex wp-container-core-columns-is-layout-28f84493 wp-block-columns-is-layout-flex\">\n<div class=\"wp-block-column is-layout-flow wp-block-column-is-layout-flow\" style=\"flex-basis:33.33%\">\n<figure class=\"wp-block-image size-large is-style-rounded\"><img loading=\"lazy\" decoding=\"async\" width=\"989\" height=\"1024\" src=\"https:\/\/peipsitalu.ee\/wp-content\/uploads\/2026\/02\/Lillenaitus-1-989x1024.jpeg\" alt=\"\" class=\"wp-image-406\" srcset=\"https:\/\/peipsitalu.ee\/wp-content\/uploads\/2026\/02\/Lillenaitus-1-989x1024.jpeg 989w, https:\/\/peipsitalu.ee\/wp-content\/uploads\/2026\/02\/Lillenaitus-1-290x300.jpeg 290w, https:\/\/peipsitalu.ee\/wp-content\/uploads\/2026\/02\/Lillenaitus-1-768x795.jpeg 768w, https:\/\/peipsitalu.ee\/wp-content\/uploads\/2026\/02\/Lillenaitus-1.jpeg 1114w\" sizes=\"auto, (max-width: 989px) 100vw, 989px\" \/><\/figure>\n<\/div>\n\n\n\n<div class=\"wp-block-column is-layout-flow wp-block-column-is-layout-flow\" style=\"flex-basis:66.66%\">\n<h4 class=\"wp-block-heading\"><a href=\"https:\/\/www.facebook.com\/reel\/1059619219168179\" target=\"_blank\" rel=\"noopener\" title=\"Eneli Luiga kureeritud n\u00e4itus &quot;Taimed keelel ja meelel&quot;\">Eneli Luiga kureeritud n\u00e4itus &#8220;Taimed keelel ja meelel&#8221;<\/a><\/h4>\n\n\n\n<ol>\n<li>juuli &#8211; 10. august 2025.a.<\/li>\n<\/ol>\n<p>N\u00e4itusel tutvustati j\u00e4rgmiste autorite tameteemalisi maale: Anna Daniela Rodgers, Mauri Gross, Katrin ja Sven Saag ning Eneli Luiga.<\/p>\n<\/div>\n<\/div>\n\n\n\n<figure class=\"wp-block-gallery has-nested-images columns-default is-cropped wp-block-gallery-2 is-layout-flex wp-block-gallery-is-layout-flex\">\n<figure class=\"wp-block-image size-large\"><img loading=\"lazy\" decoding=\"async\" width=\"683\" height=\"1024\" data-id=\"412\" src=\"https:\/\/peipsitalu.ee\/wp-content\/uploads\/2026\/02\/DSC_0248-683x1024.jpg\" alt=\"\" class=\"wp-image-412\" srcset=\"https:\/\/peipsitalu.ee\/wp-content\/uploads\/2026\/02\/DSC_0248-683x1024.jpg 683w, https:\/\/peipsitalu.ee\/wp-content\/uploads\/2026\/02\/DSC_0248-200x300.jpg 200w, https:\/\/peipsitalu.ee\/wp-content\/uploads\/2026\/02\/DSC_0248-768x1152.jpg 768w, https:\/\/peipsitalu.ee\/wp-content\/uploads\/2026\/02\/DSC_0248-1024x1536.jpg 1024w, https:\/\/peipsitalu.ee\/wp-content\/uploads\/2026\/02\/DSC_0248-1365x2048.jpg 1365w, https:\/\/peipsitalu.ee\/wp-content\/uploads\/2026\/02\/DSC_0248-scaled.jpg 1707w\" sizes=\"auto, (max-width: 683px) 100vw, 683px\" \/><\/figure>\n\n\n\n<figure class=\"wp-block-image size-large\"><img loading=\"lazy\" decoding=\"async\" width=\"683\" height=\"1024\" data-id=\"418\" src=\"https:\/\/peipsitalu.ee\/wp-content\/uploads\/2026\/02\/DSC_0295-683x1024.jpg\" alt=\"\" class=\"wp-image-418\" srcset=\"https:\/\/peipsitalu.ee\/wp-content\/uploads\/2026\/02\/DSC_0295-683x1024.jpg 683w, https:\/\/peipsitalu.ee\/wp-content\/uploads\/2026\/02\/DSC_0295-200x300.jpg 200w, https:\/\/peipsitalu.ee\/wp-content\/uploads\/2026\/02\/DSC_0295-768x1152.jpg 768w, https:\/\/peipsitalu.ee\/wp-content\/uploads\/2026\/02\/DSC_0295-1024x1536.jpg 1024w, https:\/\/peipsitalu.ee\/wp-content\/uploads\/2026\/02\/DSC_0295-1365x2048.jpg 1365w, https:\/\/peipsitalu.ee\/wp-content\/uploads\/2026\/02\/DSC_0295-scaled.jpg 1707w\" sizes=\"auto, (max-width: 683px) 100vw, 683px\" \/><\/figure>\n\n\n\n<figure class=\"wp-block-image size-large\"><img loading=\"lazy\" decoding=\"async\" width=\"768\" height=\"1024\" data-id=\"414\" src=\"https:\/\/peipsitalu.ee\/wp-content\/uploads\/2026\/02\/IMG_20250717_185452-768x1024.jpg\" alt=\"\" class=\"wp-image-414\" srcset=\"https:\/\/peipsitalu.ee\/wp-content\/uploads\/2026\/02\/IMG_20250717_185452-768x1024.jpg 768w, https:\/\/peipsitalu.ee\/wp-content\/uploads\/2026\/02\/IMG_20250717_185452-225x300.jpg 225w, https:\/\/peipsitalu.ee\/wp-content\/uploads\/2026\/02\/IMG_20250717_185452-1152x1536.jpg 1152w, https:\/\/peipsitalu.ee\/wp-content\/uploads\/2026\/02\/IMG_20250717_185452-1536x2048.jpg 1536w, https:\/\/peipsitalu.ee\/wp-content\/uploads\/2026\/02\/IMG_20250717_185452-scaled.jpg 1920w\" sizes=\"auto, (max-width: 768px) 100vw, 768px\" \/><\/figure>\n\n\n\n<figure class=\"wp-block-image size-large\"><img loading=\"lazy\" decoding=\"async\" width=\"1024\" height=\"683\" data-id=\"413\" src=\"https:\/\/peipsitalu.ee\/wp-content\/uploads\/2026\/02\/DSC_0264-1024x683.jpg\" alt=\"\" class=\"wp-image-413\" srcset=\"https:\/\/peipsitalu.ee\/wp-content\/uploads\/2026\/02\/DSC_0264-1024x683.jpg 1024w, https:\/\/peipsitalu.ee\/wp-content\/uploads\/2026\/02\/DSC_0264-300x200.jpg 300w, https:\/\/peipsitalu.ee\/wp-content\/uploads\/2026\/02\/DSC_0264-768x512.jpg 768w, https:\/\/peipsitalu.ee\/wp-content\/uploads\/2026\/02\/DSC_0264-1536x1024.jpg 1536w, https:\/\/peipsitalu.ee\/wp-content\/uploads\/2026\/02\/DSC_0264-2048x1365.jpg 2048w\" sizes=\"auto, (max-width: 1024px) 100vw, 1024px\" \/><\/figure>\n\n\n\n<figure class=\"wp-block-image size-large\"><img loading=\"lazy\" decoding=\"async\" width=\"1024\" height=\"683\" data-id=\"411\" src=\"https:\/\/peipsitalu.ee\/wp-content\/uploads\/2026\/02\/DSC_0244-1024x683.jpg\" alt=\"\" class=\"wp-image-411\" srcset=\"https:\/\/peipsitalu.ee\/wp-content\/uploads\/2026\/02\/DSC_0244-1024x683.jpg 1024w, https:\/\/peipsitalu.ee\/wp-content\/uploads\/2026\/02\/DSC_0244-300x200.jpg 300w, https:\/\/peipsitalu.ee\/wp-content\/uploads\/2026\/02\/DSC_0244-768x512.jpg 768w, https:\/\/peipsitalu.ee\/wp-content\/uploads\/2026\/02\/DSC_0244-1536x1024.jpg 1536w, https:\/\/peipsitalu.ee\/wp-content\/uploads\/2026\/02\/DSC_0244-2048x1365.jpg 2048w\" sizes=\"auto, (max-width: 1024px) 100vw, 1024px\" \/><\/figure>\n\n\n\n<figure class=\"wp-block-image size-large\"><img loading=\"lazy\" decoding=\"async\" width=\"1024\" height=\"768\" data-id=\"435\" src=\"https:\/\/peipsitalu.ee\/wp-content\/uploads\/2026\/02\/pilt-1024x768.jpeg\" alt=\"\" class=\"wp-image-435\" srcset=\"https:\/\/peipsitalu.ee\/wp-content\/uploads\/2026\/02\/pilt-1024x768.jpeg 1024w, https:\/\/peipsitalu.ee\/wp-content\/uploads\/2026\/02\/pilt-300x225.jpeg 300w, https:\/\/peipsitalu.ee\/wp-content\/uploads\/2026\/02\/pilt-768x576.jpeg 768w, https:\/\/peipsitalu.ee\/wp-content\/uploads\/2026\/02\/pilt-1536x1152.jpeg 1536w, https:\/\/peipsitalu.ee\/wp-content\/uploads\/2026\/02\/pilt.jpeg 2048w\" sizes=\"auto, (max-width: 1024px) 100vw, 1024px\" \/><\/figure>\n<\/figure>\n<\/div>","protected":false},"excerpt":{"rendered":"<p>S\u00fcndmused Toreski talus\/Kultuurisepikojas Mari rahvusest kunstniku Zhanna Tohti n\u00e4itus \u201cMillest r\u00e4\u00e4givad mari mustrid?\u201d 14. august &#8211; 20. september 2025.a. Marilanna t\u00f6\u00f6d tutvustavad vaatajale mari tikandite salap\u00e4rast keelt ning pakuvad v\u00f5imaluse [&hellip;]<\/p>\n","protected":false},"author":1,"featured_media":0,"parent":0,"menu_order":0,"comment_status":"closed","ping_status":"closed","template":"page-with-title","meta":{"_EventAllDay":false,"_EventTimezone":"","_EventStartDate":"","_EventEndDate":"","_EventStartDateUTC":"","_EventEndDateUTC":"","_EventShowMap":false,"_EventShowMapLink":false,"_EventURL":"","_EventCost":"","_EventCostDescription":"","_EventCurrencySymbol":"","_EventCurrencyCode":"","_EventCurrencyPosition":"","_EventDateTimeSeparator":"","_EventTimeRangeSeparator":"","_EventOrganizerID":[],"_EventVenueID":[],"_OrganizerEmail":"","_OrganizerPhone":"","_OrganizerWebsite":"","_VenueAddress":"","_VenueCity":"","_VenueCountry":"","_VenueProvince":"","_VenueState":"","_VenueZip":"","_VenuePhone":"","_VenueURL":"","_VenueStateProvince":"","_VenueLat":"","_VenueLng":"","_VenueShowMap":false,"_VenueShowMapLink":false,"footnotes":""},"class_list":["post-39","page","type-page","status-publish","hentry"],"aioseo_notices":[],"_links":{"self":[{"href":"https:\/\/peipsitalu.ee\/en\/wp-json\/wp\/v2\/pages\/39","targetHints":{"allow":["GET"]}}],"collection":[{"href":"https:\/\/peipsitalu.ee\/en\/wp-json\/wp\/v2\/pages"}],"about":[{"href":"https:\/\/peipsitalu.ee\/en\/wp-json\/wp\/v2\/types\/page"}],"author":[{"embeddable":true,"href":"https:\/\/peipsitalu.ee\/en\/wp-json\/wp\/v2\/users\/1"}],"replies":[{"embeddable":true,"href":"https:\/\/peipsitalu.ee\/en\/wp-json\/wp\/v2\/comments?post=39"}],"version-history":[{"count":26,"href":"https:\/\/peipsitalu.ee\/en\/wp-json\/wp\/v2\/pages\/39\/revisions"}],"predecessor-version":[{"id":439,"href":"https:\/\/peipsitalu.ee\/en\/wp-json\/wp\/v2\/pages\/39\/revisions\/439"}],"wp:attachment":[{"href":"https:\/\/peipsitalu.ee\/en\/wp-json\/wp\/v2\/media?parent=39"}],"curies":[{"name":"wp","href":"https:\/\/api.w.org\/{rel}","templated":true}]}}