{"id":459,"date":"2026-02-23T08:15:59","date_gmt":"2026-02-23T08:15:59","guid":{"rendered":"https:\/\/peipsitalu.ee\/?page_id=459"},"modified":"2026-03-26T09:32:15","modified_gmt":"2026-03-26T09:32:15","slug":"suvelaager","status":"publish","type":"page","link":"https:\/\/peipsitalu.ee\/en\/suvelaager\/","title":{"rendered":"Suvelaager"},"content":{"rendered":"<ol class=\"wp-block-list\">\n<li><\/li>\n<\/ol>\n\n\n\n<div class=\"wp-block-group alignfull is-style-ext-preset--group--natural-1--section has-background-background-color has-background has-global-padding is-layout-constrained wp-container-core-group-is-layout-6714b1d7 wp-block-group-is-layout-constrained\" style=\"margin-top:0;margin-bottom:0;padding-top:var(--wp--preset--spacing--70);padding-bottom:var(--wp--preset--spacing--70)\">\n<div class=\"wp-block-group alignwide is-vertical is-content-justification-center is-layout-flex wp-container-core-group-is-layout-c9ee0c5a wp-block-group-is-layout-flex\">\n<div class=\"wp-block-group has-global-padding is-layout-constrained wp-container-core-group-is-layout-2287c683 wp-block-group-is-layout-constrained\">\n<h2 class=\"wp-block-heading has-text-align-center\"><strong>Toreski talu Ettev\u00f5tluslaager 2026<\/strong><\/h2>\n\n\n\n<p class=\"has-text-align-center\">Kas otsid oma lapsele suvist laagrit, mis pakub nii teadmisi, oskusi kui puhkust?<\/p>\n\n\n\n<p class=\"has-text-align-center\">Kutsume 11\u201314-aastaseid noori 3-p\u00e4evasesse laagrisse Toreski talus, Peipsi j\u00e4rve \u00e4\u00e4res, kus ettev\u00f5tlus, raha, meeskonnat\u00f6\u00f6 ja enesetunnetus saavad selgust l\u00e4bi m\u00e4ngu, arutelu ja kogemuse. Lisaks teeme sporti, puhkame ja naudime l\u00f5kke \u00e4\u00e4res grillimist. <\/p>\n\n\n\n<p><a href=\"https:\/\/forms.gle\/32J89WYyxHS3VMV78\" title=\"\">Laagrisse registreerimne<\/a><\/p>\n<\/div>\n<\/div>\n\n\n\n<figure class=\"wp-block-video\"><video height=\"1024\" style=\"aspect-ratio: 576 \/ 1024;\" width=\"576\" controls src=\"https:\/\/peipsitalu.ee\/wp-content\/uploads\/2026\/03\/Ettevotluslaager.mp4\"><\/video><\/figure>\n\n\n\n<div data-wp-interactive=\"core\/file\" class=\"wp-block-file\"><object data-wp-bind--hidden=\"!state.hasPdfPreview\" hidden class=\"wp-block-file__embed\" data=\"https:\/\/peipsitalu.ee\/wp-content\/uploads\/2026\/03\/Toreski-talu-Kodavere-kula-Peipsiaare-vald-Tartumaa.pdf\" type=\"application\/pdf\" style=\"width:100%;height:600px\" aria-label=\"Embed of Toreski talu, Kodavere k\u00fcla, Peipsi\u00e4\u00e4re vald, Tartumaa.\"><\/object><a id=\"wp-block-file--media-79f6b254-9233-4d11-811b-881c76f28de5\" href=\"https:\/\/peipsitalu.ee\/wp-content\/uploads\/2026\/03\/Toreski-talu-Kodavere-kula-Peipsiaare-vald-Tartumaa.pdf\">Toreski talu, Kodavere k\u00fcla, Peipsi\u00e4\u00e4re vald, Tartumaa<\/a><a href=\"https:\/\/peipsitalu.ee\/wp-content\/uploads\/2026\/03\/Toreski-talu-Kodavere-kula-Peipsiaare-vald-Tartumaa.pdf\" class=\"wp-block-file__button wp-element-button\" download aria-describedby=\"wp-block-file--media-79f6b254-9233-4d11-811b-881c76f28de5\">Laadi alla<\/a><\/div>\n\n\n\n<p><span style=\"font-weight: 400;\">Teemad laagris\u00a0<\/span><\/p>\n<ul>\n<li style=\"font-weight: 400;\" aria-level=\"1\"><span style=\"font-weight: 400;\">M\u00e4ngime ettev\u00f5tlusm\u00e4nge Ettev\u00f5tlik Pere ja Ettev\u00f5tlik Kodanik<\/span><\/li>\n<li style=\"font-weight: 400;\" aria-level=\"1\"><span style=\"font-weight: 400;\">Anal\u00fc\u00fcsime raha kasutamise harjumusi, pere ja ettev\u00f5tte eelarveid<\/span><\/li>\n<li style=\"font-weight: 400;\" aria-level=\"1\"><span style=\"font-weight: 400;\">Uurime ettev\u00f5tluse ja inimeseks olemise vahelisi seoseid<\/span><\/li>\n<li style=\"font-weight: 400;\" aria-level=\"1\"><span style=\"font-weight: 400;\">Tutvume Dr M. Belbini (belbin.ee) meeskonnarollide mudeliga<\/span><\/li>\n<li style=\"font-weight: 400;\" aria-level=\"1\"><span style=\"font-weight: 400;\">Anal\u00fc\u00fcsime meeskonna k\u00e4itumismustreid<\/span><\/li>\n<li style=\"font-weight: 400;\" aria-level=\"1\"><span style=\"font-weight: 400;\">\u00d5pime tundma tunnete t\u00e4hendust ja erinevaid v\u00f5imalusi kuidas toime tulla<\/span><\/li>\n<li style=\"font-weight: 400;\" aria-level=\"1\"><span style=\"font-weight: 400;\">\u00d5pime v\u00e4ljendama oma soove ja vajadusi ennast ja teisi arvestavalt<\/span><\/li>\n<\/ul>\n<p><span style=\"font-weight: 400;\"> Hind: 195 \u20ac<\/span><\/p>\n<p>Registreerimise kinnituseks teha \u00fclekanne Kodavere K\u00fclaselts MT\u00dc arveldusarvele EE427700771012760340, lisades selgitusse osaleja ees- ja perekonnanime.<br class=\"html-br\" \/>Vajadusel v\u00f5ib maksta kahes osas. Viimane makse peab olema tehtud enne laagri algust!<br class=\"html-br\" \/>(Hind sisaldab k\u00f5iki tegevusi, juhendamist ja toitlustust)<\/p>\n<p><span style=\"font-weight: 400;\"> Vanus: 11-14 a<\/span><\/p>\n<p><span style=\"font-weight: 400;\">Aeg:\u00a0<\/span><span style=\"font-weight: 400;\">I VAHETUS 30.06.26 &#8211; 2.07.26\u00a0 \u00a0<\/span><span style=\"font-weight: 400;\">II VAHETUS 4.08.26 &#8211; 6.08.26\u00a0<\/span><\/p>\n<p><i><span style=\"font-weight: 400;\">(Saabumine laagrisse kell 11 ja lahkumine kell 16)<\/span><\/i><\/p>\n<p><span style=\"font-weight: 400;\"> Kus?\u00a0\u00a0<\/span><span style=\"font-weight: 400;\">Kodavere k\u00fcla asub Peipsi j\u00e4rve l\u00e4hedal ning kindlasti v\u00f5tame ette m\u00f5nusa jalutusk\u00e4igu j\u00e4rve \u00e4\u00e4rde.<\/span><\/p>\n<p><span style=\"font-weight: 400;\">Toimumiskoht: <\/span><span style=\"font-weight: 400;\">Toreski talu<\/span><span style=\"font-weight: 400;\">, Kodavere k\u00fcla, Peipsi\u00e4\u00e4re vald, Tartumaa, Eesti (Sibulateel)<\/span><\/p>\n<p><a href=\"https:\/\/www.google.com\/maps\/place\/Toreski+talu+puhkemaja\/@58.6944492,27.1375662,17z\/data=!3m1!4b1!4m6!3m5!1s0x4694c522109fc129:0x396fd49081d768!8m2!3d58.6944492!4d27.1401411!16s%2Fg%2F11kqn4qz8v?entry=ttu&amp;g_ep=EgoyMDI1MDYwMi4wIKXMDSoASAFQAw%3D%3D\"><span style=\"font-weight: 400;\">Vaata kaardilt:<\/span><\/a>\u00a0<\/p>\n<p><span style=\"font-weight: 400;\">Lisainfo:<\/span><\/p>\n<p><span style=\"font-weight: 400;\">Laagrijuht: Kadri &#8211; kadri@ettevotluskyla.ee 5470 0089<\/span><\/p>\n<p><span style=\"font-weight: 400;\">Toreski pererahvas: Ardo &#8211; 5210881, Krista &#8211; 5076551<\/span><\/p>\n\n\n\n<div class=\"wp-block-columns alignwide is-layout-flex wp-container-core-columns-is-layout-28f84493 wp-block-columns-is-layout-flex\">\n<div class=\"wp-block-column is-layout-flow wp-block-column-is-layout-flow\">\n<figure class=\"wp-block-image is-style-ext-preset-image-natural-1-image-1--content-bottom is-style-ext-preset--image--natural-1--image-1--content-bottom is-style-ext-preset--image--natural-1--image-1--content-bottom--2\"><img loading=\"lazy\" decoding=\"async\" width=\"1440\" height=\"960\" src=\"https:\/\/peipsitalu.ee\/wp-content\/uploads\/2026\/02\/9c6f38d20dcd2168a923bfc0aa6a5672b6cbc2bf.jpg\" alt=\"\" class=\"wp-image-468\" style=\"aspect-ratio:3\/4;object-fit:cover\" srcset=\"https:\/\/peipsitalu.ee\/wp-content\/uploads\/2026\/02\/9c6f38d20dcd2168a923bfc0aa6a5672b6cbc2bf.jpg 1440w, https:\/\/peipsitalu.ee\/wp-content\/uploads\/2026\/02\/9c6f38d20dcd2168a923bfc0aa6a5672b6cbc2bf-300x200.jpg 300w, https:\/\/peipsitalu.ee\/wp-content\/uploads\/2026\/02\/9c6f38d20dcd2168a923bfc0aa6a5672b6cbc2bf-1024x683.jpg 1024w, https:\/\/peipsitalu.ee\/wp-content\/uploads\/2026\/02\/9c6f38d20dcd2168a923bfc0aa6a5672b6cbc2bf-768x512.jpg 768w, https:\/\/peipsitalu.ee\/wp-content\/uploads\/2026\/02\/9c6f38d20dcd2168a923bfc0aa6a5672b6cbc2bf-18x12.jpg 18w\" sizes=\"auto, (max-width: 1440px) 100vw, 1440px\" \/><\/figure>\n<\/div>\n\n\n\n<div class=\"wp-block-column is-layout-flow wp-block-column-is-layout-flow\">\n<figure class=\"wp-block-image is-style-ext-preset-image-natural-1-image-1--content-bottom is-style-ext-preset--image--natural-1--image-1--content-bottom is-style-ext-preset--image--natural-1--image-1--content-bottom--3\"><img loading=\"lazy\" decoding=\"async\" width=\"1440\" height=\"1152\" src=\"https:\/\/peipsitalu.ee\/wp-content\/uploads\/2026\/02\/08bfe31ccdb6f99a096928da11a7eec18d2ff639.jpg\" alt=\"\" class=\"wp-image-474\" style=\"aspect-ratio:3\/4;object-fit:cover\" srcset=\"https:\/\/peipsitalu.ee\/wp-content\/uploads\/2026\/02\/08bfe31ccdb6f99a096928da11a7eec18d2ff639.jpg 1440w, https:\/\/peipsitalu.ee\/wp-content\/uploads\/2026\/02\/08bfe31ccdb6f99a096928da11a7eec18d2ff639-300x240.jpg 300w, https:\/\/peipsitalu.ee\/wp-content\/uploads\/2026\/02\/08bfe31ccdb6f99a096928da11a7eec18d2ff639-1024x819.jpg 1024w, https:\/\/peipsitalu.ee\/wp-content\/uploads\/2026\/02\/08bfe31ccdb6f99a096928da11a7eec18d2ff639-768x614.jpg 768w, https:\/\/peipsitalu.ee\/wp-content\/uploads\/2026\/02\/08bfe31ccdb6f99a096928da11a7eec18d2ff639-15x12.jpg 15w\" sizes=\"auto, (max-width: 1440px) 100vw, 1440px\" \/><\/figure>\n<\/div>\n\n\n\n<div class=\"wp-block-column is-layout-flow wp-block-column-is-layout-flow\">\n<figure class=\"wp-block-image size-large\"><img loading=\"lazy\" decoding=\"async\" width=\"768\" height=\"1024\" src=\"https:\/\/peipsitalu.ee\/wp-content\/uploads\/2026\/03\/IMG_20250719_121720-768x1024.jpg\" alt=\"\" class=\"wp-image-517\" srcset=\"https:\/\/peipsitalu.ee\/wp-content\/uploads\/2026\/03\/IMG_20250719_121720-768x1024.jpg 768w, https:\/\/peipsitalu.ee\/wp-content\/uploads\/2026\/03\/IMG_20250719_121720-225x300.jpg 225w, https:\/\/peipsitalu.ee\/wp-content\/uploads\/2026\/03\/IMG_20250719_121720-1152x1536.jpg 1152w, https:\/\/peipsitalu.ee\/wp-content\/uploads\/2026\/03\/IMG_20250719_121720-1536x2048.jpg 1536w, https:\/\/peipsitalu.ee\/wp-content\/uploads\/2026\/03\/IMG_20250719_121720-9x12.jpg 9w, https:\/\/peipsitalu.ee\/wp-content\/uploads\/2026\/03\/IMG_20250719_121720-scaled.jpg 1920w\" sizes=\"auto, (max-width: 768px) 100vw, 768px\" \/><\/figure>\n<\/div>\n<\/div>\n<\/div>\n\n\n\n<div class=\"wp-block-group alignfull is-style-ext-preset--group--natural-1--section has-tertiary-background-color has-background has-global-padding is-layout-constrained wp-block-group-is-layout-constrained\" style=\"margin-top:0;margin-bottom:0;padding-top:0;padding-bottom:0\">\n<div class=\"wp-block-cover alignfull is-style-ext-preset--cover--natural-1--cover-overlay-1 is-style-ext-preset--cover--natural-1--cover-overlay-1--5\" style=\"padding-top:var(--wp--preset--spacing--70);padding-right:var(--wp--preset--spacing--30);padding-bottom:var(--wp--preset--spacing--70);padding-left:var(--wp--preset--spacing--30)\"><img loading=\"lazy\" decoding=\"async\" width=\"1440\" height=\"960\" class=\"wp-block-cover__image-background wp-image-470\" alt=\"\" src=\"https:\/\/peipsitalu.ee\/wp-content\/uploads\/2026\/02\/8cc167465aeb311425cd7ef12cdf7862d4a0da20.jpg\" data-object-fit=\"cover\" srcset=\"https:\/\/peipsitalu.ee\/wp-content\/uploads\/2026\/02\/8cc167465aeb311425cd7ef12cdf7862d4a0da20.jpg 1440w, https:\/\/peipsitalu.ee\/wp-content\/uploads\/2026\/02\/8cc167465aeb311425cd7ef12cdf7862d4a0da20-300x200.jpg 300w, https:\/\/peipsitalu.ee\/wp-content\/uploads\/2026\/02\/8cc167465aeb311425cd7ef12cdf7862d4a0da20-1024x683.jpg 1024w, https:\/\/peipsitalu.ee\/wp-content\/uploads\/2026\/02\/8cc167465aeb311425cd7ef12cdf7862d4a0da20-768x512.jpg 768w, https:\/\/peipsitalu.ee\/wp-content\/uploads\/2026\/02\/8cc167465aeb311425cd7ef12cdf7862d4a0da20-18x12.jpg 18w\" sizes=\"auto, (max-width: 1440px) 100vw, 1440px\" \/><span aria-hidden=\"true\" class=\"wp-block-cover__background has-background-dim-80 has-background-dim\" style=\"background-color:#010101\"><\/span><div class=\"wp-block-cover__inner-container has-global-padding is-layout-constrained wp-container-core-cover-is-layout-5cffc2c1 wp-block-cover-is-layout-constrained\">\n<div class=\"wp-block-group alignwide is-vertical is-layout-flex wp-container-core-group-is-layout-c35747d5 wp-block-group-is-layout-flex\">\n<div class=\"wp-block-group has-global-padding is-layout-constrained wp-container-core-group-is-layout-2287c683 wp-block-group-is-layout-constrained\">\n<h2 class=\"wp-block-heading has-text-align-left\">Avasta p\u00f5nevad ettev\u00f5tlusm\u00e4ngud  Toreski turismitalus<\/h2>\n\n\n\n<p class=\"has-text-align-left\"><\/p>\n<\/div>\n\n\n\n<div class=\"wp-block-buttons is-layout-flex wp-block-buttons-is-layout-flex\">\n<div class=\"wp-block-button is-style-ext-preset--button--natural-1--button-1 is-style-ext-preset--button--natural-1--button-1--6\"><a class=\"wp-block-button__link wp-element-button\" href=\"https:\/\/forms.gle\/32J89WYyxHS3VMV78\">Registreeru laagrisse<\/a><\/div>\n<\/div>\n<\/div>\n<\/div><\/div>\n<\/div>","protected":false},"excerpt":{"rendered":"<p>Toreski talu Ettev\u00f5tluslaager 2026 Kas otsid oma lapsele suvist laagrit, mis pakub nii teadmisi, oskusi kui puhkust? Kutsume 11\u201314-aastaseid noori 3-p\u00e4evasesse laagrisse Toreski talus, Peipsi j\u00e4rve \u00e4\u00e4res, kus ettev\u00f5tlus, raha, [&hellip;]<\/p>\n","protected":false},"author":1,"featured_media":0,"parent":0,"menu_order":0,"comment_status":"closed","ping_status":"closed","template":"page-with-title","meta":{"_EventAllDay":false,"_EventTimezone":"","_EventStartDate":"","_EventEndDate":"","_EventStartDateUTC":"","_EventEndDateUTC":"","_EventShowMap":false,"_EventShowMapLink":false,"_EventURL":"","_EventCost":"","_EventCostDescription":"","_EventCurrencySymbol":"","_EventCurrencyCode":"","_EventCurrencyPosition":"","_EventDateTimeSeparator":"","_EventTimeRangeSeparator":"","_EventOrganizerID":[],"_EventVenueID":[],"_OrganizerEmail":"","_OrganizerPhone":"","_OrganizerWebsite":"","_VenueAddress":"","_VenueCity":"","_VenueCountry":"","_VenueProvince":"","_VenueState":"","_VenueZip":"","_VenuePhone":"","_VenueURL":"","_VenueStateProvince":"","_VenueLat":"","_VenueLng":"","_VenueShowMap":false,"_VenueShowMapLink":false,"footnotes":""},"class_list":["post-459","page","type-page","status-publish","hentry"],"aioseo_notices":[],"_links":{"self":[{"href":"https:\/\/peipsitalu.ee\/en\/wp-json\/wp\/v2\/pages\/459","targetHints":{"allow":["GET"]}}],"collection":[{"href":"https:\/\/peipsitalu.ee\/en\/wp-json\/wp\/v2\/pages"}],"about":[{"href":"https:\/\/peipsitalu.ee\/en\/wp-json\/wp\/v2\/types\/page"}],"author":[{"embeddable":true,"href":"https:\/\/peipsitalu.ee\/en\/wp-json\/wp\/v2\/users\/1"}],"replies":[{"embeddable":true,"href":"https:\/\/peipsitalu.ee\/en\/wp-json\/wp\/v2\/comments?post=459"}],"version-history":[{"count":14,"href":"https:\/\/peipsitalu.ee\/en\/wp-json\/wp\/v2\/pages\/459\/revisions"}],"predecessor-version":[{"id":605,"href":"https:\/\/peipsitalu.ee\/en\/wp-json\/wp\/v2\/pages\/459\/revisions\/605"}],"wp:attachment":[{"href":"https:\/\/peipsitalu.ee\/en\/wp-json\/wp\/v2\/media?parent=459"}],"curies":[{"name":"wp","href":"https:\/\/api.w.org\/{rel}","templated":true}]}}